{"id":8966,"date":"2025-03-06T13:27:57","date_gmt":"2025-03-06T12:27:57","guid":{"rendered":"https:\/\/www.sba.si\/?post_type=product&#038;p=8966"},"modified":"2025-03-06T13:32:16","modified_gmt":"2025-03-06T12:32:16","slug":"nosilec-zadnjega-kovcka-shad-cfmoto-800mt","status":"publish","type":"product","link":"https:\/\/www.sba.si\/index.php\/izdelek\/nosilec-zadnjega-kovcka-shad-cfmoto-800mt\/","title":{"rendered":"NOSILEC ZADNJEGA KOV\u010cKA SHAD CFMOTO 800MT"},"content":{"rendered":"","protected":false},"excerpt":{"rendered":"<p data-start=\"0\" data-end=\"48\"><strong data-start=\"0\" data-end=\"48\">Nosilec Zadnjega Kov\u010dka SHAD za CFMOTO 800MT<\/strong><\/p>\n<p data-start=\"50\" data-end=\"349\">Nosilec zadnjega kov\u010dka SHAD za CFMOTO 800MT omogo\u010da enostavno monta\u017eo zgornjega kov\u010dka na va\u0161 motor. SHAD Top Master je posebej zasnovan za vsak model motocikla, ob upo\u0161tevanju njegovih zna\u010dilnosti, kar zagotavlja visoko kakovost izdelka, udobje, varnost ter enostavno sestavljanje in demontiranje.<\/p>\n<p data-start=\"351\" data-end=\"741\"><strong data-start=\"351\" data-end=\"391\">Visoka kakovost in enostavna monta\u017ea<\/strong><br data-start=\"391\" data-end=\"394\" \/>SHAD Top Master nosilec je zasnovan za hitro in brezskrbno monta\u017eo. Za pritrditev zgornjega kov\u010dka na motor je potrebno dodati monta\u017eno plo\u0161\u010do, ki je vklju\u010dena v SHAD kov\u010dke <strong>(razen za modele TR48\/TR37)<\/strong>. Ta nosilec je popolnoma zdru\u017eljiv z vsemi SHAD monta\u017enimi plo\u0161\u010dami, kar omogo\u010da \u0161irok spekter mo\u017enosti pri izbiri zgornjega kov\u010dka za va\u0161 motor.<\/p>\n<p data-start=\"743\" data-end=\"1009\"><strong data-start=\"743\" data-end=\"779\">Kompatibilnost in funkcionalnost<\/strong><br data-start=\"779\" data-end=\"782\" \/>Nosilec je idealna re\u0161itev za voznike, ki \u017eelijo pove\u010dati svojo shranjevalno kapaciteto in udobje pri vo\u017enji. S tem nosilcem bo va\u0161 CFMOTO 800MT pripravljen na dolge ture ali vsakodnevne vo\u017enje z dodatnim prostorom za prtljago.<\/p>\n<p data-start=\"1011\" data-end=\"1115\" data-is-last-node=\"\" data-is-only-node=\"\">Izberite SHAD Top Master nosilec za CFMOTO 800MT in u\u017eivajte v ve\u010dji prakti\u010dnosti ter udobju med vo\u017enjo!<\/p>\n<p data-start=\"1011\" data-end=\"1115\" data-is-last-node=\"\" data-is-only-node=\"\"><strong>KODA: 130.C0MT81ST<\/strong><\/p>\n","protected":false},"featured_media":8973,"template":"","meta":[],"product_cat":[132,135],"product_tag":[],"_links":{"self":[{"href":"https:\/\/www.sba.si\/index.php\/wp-json\/wp\/v2\/product\/8966"}],"collection":[{"href":"https:\/\/www.sba.si\/index.php\/wp-json\/wp\/v2\/product"}],"about":[{"href":"https:\/\/www.sba.si\/index.php\/wp-json\/wp\/v2\/types\/product"}],"version-history":[{"count":2,"href":"https:\/\/www.sba.si\/index.php\/wp-json\/wp\/v2\/product\/8966\/revisions"}],"predecessor-version":[{"id":8971,"href":"https:\/\/www.sba.si\/index.php\/wp-json\/wp\/v2\/product\/8966\/revisions\/8971"}],"wp:featuredmedia":[{"embeddable":true,"href":"https:\/\/www.sba.si\/index.php\/wp-json\/wp\/v2\/media\/8973"}],"wp:attachment":[{"href":"https:\/\/www.sba.si\/index.php\/wp-json\/wp\/v2\/media?parent=8966"}],"wp:term":[{"taxonomy":"product_cat","embeddable":true,"href":"https:\/\/www.sba.si\/index.php\/wp-json\/wp\/v2\/product_cat?post=8966"},{"taxonomy":"product_tag","embeddable":true,"href":"https:\/\/www.sba.si\/index.php\/wp-json\/wp\/v2\/product_tag?post=8966"}],"curies":[{"name":"wp","href":"https:\/\/api.w.org\/{rel}","templated":true}]}}