{"id":8974,"date":"2025-03-06T13:56:59","date_gmt":"2025-03-06T12:56:59","guid":{"rendered":"https:\/\/www.sba.si\/?post_type=product&#038;p=8974"},"modified":"2025-03-06T13:58:29","modified_gmt":"2025-03-06T12:58:29","slug":"nosilci-stranskih-kovckov-shad-4p-cfmoto-800mt","status":"publish","type":"product","link":"https:\/\/www.sba.si\/index.php\/izdelek\/nosilci-stranskih-kovckov-shad-4p-cfmoto-800mt\/","title":{"rendered":"NOSILCI STRANSKIH KOV\u010cKOV SHAD 4P CFMOTO 800MT"},"content":{"rendered":"","protected":false},"excerpt":{"rendered":"<p data-start=\"0\" data-end=\"53\"><strong data-start=\"0\" data-end=\"53\">Nosilci Stranskih Kov\u010dkov SHAD 4P za CFMOTO 800MT<\/strong><\/p>\n<p data-start=\"55\" data-end=\"314\">Nosilci stranskih kov\u010dkov SHAD 4P za CFMOTO 800MT so zasnovani in izdelani v Barceloni, kar zagotavlja vrhunsko kakovost in funkcionalnost. <strong>Ti nosilci omogo\u010dajo enostavno monta\u017eo TERRA stranskih kov\u010dkov in so zdru\u017eljivi tudi z SH35 in SH36 stranskimi kov\u010dki.<\/strong><\/p>\n<p data-start=\"316\" data-end=\"700\"><strong data-start=\"316\" data-end=\"347\">Visoka trdnost in odpornost<\/strong><br data-start=\"347\" data-end=\"350\" \/>Nosilci so izdelani iz jeklene strukture, prekriti s pra\u0161no barvo, ki zagotavlja visoko odpornost proti po\u0161kodbam in vremenskim vplivom. S premerom cevi 20 mm, kar je najdebelej\u0161a mo\u017enost na trgu, nudijo izjemno trdnost in vzdr\u017eljivost. Dodatno so okrepljeni s pre\u010dno palico, kar omogo\u010da \u0161e ve\u010djo stabilnost in za\u0161\u010dito pri najbolj ekstremnih vo\u017enjah.<\/p>\n<p data-start=\"702\" data-end=\"944\"><strong data-start=\"702\" data-end=\"731\">Za najzahtevnej\u0161e voznike<\/strong><br data-start=\"731\" data-end=\"734\" \/>Ti nosilci so idealni za voznike, ki i\u0161\u010dejo zanesljivost in vzdr\u017eljivost pri dalj\u0161ih poteh ali zahtevnih terenih. Z nosilci SHAD 4P boste na svojem CFMOTO 800MT pripravljeni na vse, kar vam lahko prinese cesta.<\/p>\n<p data-start=\"946\" data-end=\"1086\" data-is-last-node=\"\" data-is-only-node=\"\">Izberite nosilce SHAD 4P za CFMOTO 800MT in pove\u010dajte svojo shranjevalno kapaciteto ob tem, ko boste u\u017eivali v ve\u010dji stabilnosti in za\u0161\u010diti.<\/p>\n<p data-start=\"946\" data-end=\"1086\" data-is-last-node=\"\" data-is-only-node=\"\"><strong>KODA: 130.C0MT814P<\/strong><\/p>\n","protected":false},"featured_media":8978,"template":"","meta":[],"product_cat":[132,135],"product_tag":[],"_links":{"self":[{"href":"https:\/\/www.sba.si\/index.php\/wp-json\/wp\/v2\/product\/8974"}],"collection":[{"href":"https:\/\/www.sba.si\/index.php\/wp-json\/wp\/v2\/product"}],"about":[{"href":"https:\/\/www.sba.si\/index.php\/wp-json\/wp\/v2\/types\/product"}],"version-history":[{"count":1,"href":"https:\/\/www.sba.si\/index.php\/wp-json\/wp\/v2\/product\/8974\/revisions"}],"predecessor-version":[{"id":8979,"href":"https:\/\/www.sba.si\/index.php\/wp-json\/wp\/v2\/product\/8974\/revisions\/8979"}],"wp:featuredmedia":[{"embeddable":true,"href":"https:\/\/www.sba.si\/index.php\/wp-json\/wp\/v2\/media\/8978"}],"wp:attachment":[{"href":"https:\/\/www.sba.si\/index.php\/wp-json\/wp\/v2\/media?parent=8974"}],"wp:term":[{"taxonomy":"product_cat","embeddable":true,"href":"https:\/\/www.sba.si\/index.php\/wp-json\/wp\/v2\/product_cat?post=8974"},{"taxonomy":"product_tag","embeddable":true,"href":"https:\/\/www.sba.si\/index.php\/wp-json\/wp\/v2\/product_tag?post=8974"}],"curies":[{"name":"wp","href":"https:\/\/api.w.org\/{rel}","templated":true}]}}