{"id":9011,"date":"2025-03-10T13:26:23","date_gmt":"2025-03-10T12:26:23","guid":{"rendered":"https:\/\/www.sba.si\/?post_type=product&#038;p=9011"},"modified":"2025-03-10T13:35:33","modified_gmt":"2025-03-10T12:35:33","slug":"varnostni-pasovi-moose-offroad-2x2-4pt-auto-crna","status":"publish","type":"product","link":"https:\/\/www.sba.si\/index.php\/izdelek\/varnostni-pasovi-moose-offroad-2x2-4pt-auto-crna\/","title":{"rendered":"VARNOSTNI PASOVI MOOSE OFFROAD 2X2 4PT AUTO \u010cRNA"},"content":{"rendered":"","protected":false},"excerpt":{"rendered":"<p data-start=\"0\" data-end=\"52\"><strong data-start=\"0\" data-end=\"52\">Varnostni Pasovi Moose Offroad 2&#215;2 4PT Auto \u010crna<\/strong><\/p>\n<p data-start=\"54\" data-end=\"265\">Pove\u010dajte varnost in udobje v va\u0161em vozilu s tem visokokakovostnim \u0161tiripostavnim sistemom zadr\u017eevanja. Pasovi Moose Offroad 2&#215;2 4PT Auto so zasnovani za najbolj\u0161e mo\u017ene nastavitve, udobje in enostavno uporabo.<\/p>\n<p data-start=\"267\" data-end=\"281\"><strong data-start=\"267\" data-end=\"281\">Lastnosti:<\/strong><\/p>\n<ul data-start=\"282\" data-end=\"937\">\n<li data-start=\"282\" data-end=\"349\"><strong data-start=\"284\" data-end=\"320\">\u0160tiripostavni sistem zadr\u017eevanja<\/strong> za ve\u010djo varnost med vo\u017enjo.<\/li>\n<li data-start=\"350\" data-end=\"407\"><strong data-start=\"352\" data-end=\"372\">Pasovi \u0161irine 2\u201d<\/strong> zagotavljajo udobje in stabilnost.<\/li>\n<li data-start=\"408\" data-end=\"493\"><strong data-start=\"410\" data-end=\"465\">Izredno veliki oblazinjeni pasovi za prsi in ramena<\/strong> za ve\u010dje udobje in za\u0161\u010dito.<\/li>\n<li data-start=\"494\" data-end=\"580\"><strong data-start=\"496\" data-end=\"559\">Enostavno prilagajanje in sprostitev pasov za ramena in pas<\/strong> za hitro nastavitev.<\/li>\n<li data-start=\"581\" data-end=\"695\"><strong data-start=\"583\" data-end=\"642\">Enostavno odpiranje z avtomobilsko sponko z enim klikom<\/strong> omogo\u010da preprosto vstopanje in izstopanje iz vozila.<\/li>\n<li data-start=\"696\" data-end=\"787\"><strong data-start=\"698\" data-end=\"728\">Integrirana sponka za prsi<\/strong>, ki omogo\u010da, da pasovi ostanejo na mestu na va\u0161ih ramenih.<\/li>\n<li data-start=\"788\" data-end=\"937\"><strong data-start=\"790\" data-end=\"813\">Univerzalna monta\u017ea<\/strong>, bodisi z vijaki bodisi s preprostim pre\u010dnim namestitvijo na ogrodje, kar omogo\u010da enostavno prilagoditev za ve\u010dino UTV-jev.<\/li>\n<\/ul>\n<p data-start=\"939\" data-end=\"1030\" data-is-last-node=\"\" data-is-only-node=\"\">Z varnostnimi pasovi Moose Offroad 2&#215;2 4PT Auto boste na vsakem terenu brezskrbni in varni!<\/p>\n<p data-start=\"939\" data-end=\"1030\" data-is-last-node=\"\" data-is-only-node=\"\">KODA: 4510-1243<\/p>\n","protected":false},"featured_media":9017,"template":"","meta":[],"product_cat":[54],"product_tag":[],"_links":{"self":[{"href":"https:\/\/www.sba.si\/index.php\/wp-json\/wp\/v2\/product\/9011"}],"collection":[{"href":"https:\/\/www.sba.si\/index.php\/wp-json\/wp\/v2\/product"}],"about":[{"href":"https:\/\/www.sba.si\/index.php\/wp-json\/wp\/v2\/types\/product"}],"version-history":[{"count":2,"href":"https:\/\/www.sba.si\/index.php\/wp-json\/wp\/v2\/product\/9011\/revisions"}],"predecessor-version":[{"id":9018,"href":"https:\/\/www.sba.si\/index.php\/wp-json\/wp\/v2\/product\/9011\/revisions\/9018"}],"wp:featuredmedia":[{"embeddable":true,"href":"https:\/\/www.sba.si\/index.php\/wp-json\/wp\/v2\/media\/9017"}],"wp:attachment":[{"href":"https:\/\/www.sba.si\/index.php\/wp-json\/wp\/v2\/media?parent=9011"}],"wp:term":[{"taxonomy":"product_cat","embeddable":true,"href":"https:\/\/www.sba.si\/index.php\/wp-json\/wp\/v2\/product_cat?post=9011"},{"taxonomy":"product_tag","embeddable":true,"href":"https:\/\/www.sba.si\/index.php\/wp-json\/wp\/v2\/product_tag?post=9011"}],"curies":[{"name":"wp","href":"https:\/\/api.w.org\/{rel}","templated":true}]}}