{"id":9019,"date":"2025-03-10T15:17:27","date_gmt":"2025-03-10T14:17:27","guid":{"rendered":"https:\/\/www.sba.si\/?post_type=product&#038;p=9019"},"modified":"2026-02-13T10:31:38","modified_gmt":"2026-02-13T09:31:38","slug":"cfmoto-zforce-800-sport-euro5-25","status":"publish","type":"product","link":"https:\/\/www.sba.si\/index.php\/izdelek\/cfmoto-zforce-800-sport-euro5-25\/","title":{"rendered":"CFMOTO ZFORCE 800 Sport Euro5+ &#8217;25 WHITE FRIDAY AKCIJA"},"content":{"rendered":"<p data-start=\"142\" data-end=\"632\"><strong data-start=\"145\" data-end=\"154\">Motor<\/strong>: V-Twin, teko\u010dinsko hlajen, 4-taktni motor z elektronskim vbrizgom goriva (EFI), ki zagotavlja 62 konjskih mo\u010di.<br data-start=\"277\" data-end=\"280\" \/><strong data-start=\"283\" data-end=\"296\">Menjalnik<\/strong>: Brezstopenjski CVT s prestavami High, Low, Neutral in Reverse ter mo\u017enostjo preklopa med 2WD in 4WD.<br data-start=\"398\" data-end=\"401\" \/><strong data-start=\"404\" data-end=\"417\">Vzmetenje<\/strong>: Neodvisne dvojne A-roke s prilagodljivimi amortizerji za udobno vo\u017enjo po zahtevnih terenih.<br data-start=\"514\" data-end=\"517\" \/><strong data-start=\"520\" data-end=\"530\">Zavore<\/strong>: Hidravli\u010dne kolutne zavore za zanesljivo ustavljanje.<br \/>\n<br data-start=\"585\" data-end=\"588\" \/>ZFORCE 800 Sport Euro5+ je idealen za raziskovanje narave, terensko vo\u017enjo in \u0161portno avanturo s pridihom zmogljivosti ter udobja.<\/p>\n<p data-start=\"142\" data-end=\"632\">\n<h1>WHITE FRIDAY AKCIJA 13.02.2026 DO 16.02.2026<\/h1>\n","protected":false},"excerpt":{"rendered":"<p>Motor: V-Twin, teko\u010dinsko hlajen, 4-taktni motor z elektronskim vbrizgom goriva (EFI), ki zagotavlja 62 konjskih mo\u010di.Menjalnik: Brezstopenjski CVT s prestavami High, Low, Neutral in Reverse ter mo\u017enostjo preklopa med 2WD in 4WD.Vzmetenje: Neodvisne dvojne A-roke s prilagodljivimi amortizerji za udobno vo\u017enjo po zahtevnih terenih.Zavore: Hidravli\u010dne&#8230;<\/p>\n","protected":false},"featured_media":9023,"template":"","meta":[],"product_cat":[124],"product_tag":[],"_links":{"self":[{"href":"https:\/\/www.sba.si\/index.php\/wp-json\/wp\/v2\/product\/9019"}],"collection":[{"href":"https:\/\/www.sba.si\/index.php\/wp-json\/wp\/v2\/product"}],"about":[{"href":"https:\/\/www.sba.si\/index.php\/wp-json\/wp\/v2\/types\/product"}],"version-history":[{"count":2,"href":"https:\/\/www.sba.si\/index.php\/wp-json\/wp\/v2\/product\/9019\/revisions"}],"predecessor-version":[{"id":11310,"href":"https:\/\/www.sba.si\/index.php\/wp-json\/wp\/v2\/product\/9019\/revisions\/11310"}],"wp:featuredmedia":[{"embeddable":true,"href":"https:\/\/www.sba.si\/index.php\/wp-json\/wp\/v2\/media\/9023"}],"wp:attachment":[{"href":"https:\/\/www.sba.si\/index.php\/wp-json\/wp\/v2\/media?parent=9019"}],"wp:term":[{"taxonomy":"product_cat","embeddable":true,"href":"https:\/\/www.sba.si\/index.php\/wp-json\/wp\/v2\/product_cat?post=9019"},{"taxonomy":"product_tag","embeddable":true,"href":"https:\/\/www.sba.si\/index.php\/wp-json\/wp\/v2\/product_tag?post=9019"}],"curies":[{"name":"wp","href":"https:\/\/api.w.org\/{rel}","templated":true}]}}