{"id":9025,"date":"2025-03-10T15:37:42","date_gmt":"2025-03-10T14:37:42","guid":{"rendered":"https:\/\/www.sba.si\/?post_type=product&#038;p=9025"},"modified":"2025-03-10T15:45:26","modified_gmt":"2025-03-10T14:45:26","slug":"cfmoto-uforce-800-xl-25","status":"publish","type":"product","link":"https:\/\/www.sba.si\/index.php\/izdelek\/cfmoto-uforce-800-xl-25\/","title":{"rendered":"CFMOTO UFORCE 800 XL &#8217;25"},"content":{"rendered":"<p data-start=\"193\" data-end=\"217\"><strong data-start=\"193\" data-end=\"217\">Klju\u010dne zna\u010dilnosti:<\/strong><\/p>\n<ul data-start=\"219\" data-end=\"1507\">\n<li data-start=\"219\" data-end=\"440\">\n<p data-start=\"221\" data-end=\"440\"><strong data-start=\"221\" data-end=\"231\">Motor:<\/strong> 800-kubi\u010dni V-Twin, teko\u010dinsko hlajen, 4-taktni motor z 8 ventili, ki razvije 63 konjskih mo\u010di pri 7000 vrtljajih na minuto in navor 69,8 Nm pri 5500 vrtljajih na minuto.<\/p>\n<\/li>\n<li data-start=\"442\" data-end=\"578\">\n<p data-start=\"444\" data-end=\"578\"><strong data-start=\"444\" data-end=\"458\">Menjalnik:<\/strong> CVT s prestavami P\/R\/N\/H\/L in mo\u017enostjo izbire med 2WD in 4WD pogonom.<\/p>\n<\/li>\n<li data-start=\"580\" data-end=\"754\">\n<p data-start=\"582\" data-end=\"754\"><strong data-start=\"582\" data-end=\"596\">Vzmetenje:<\/strong> Neodvisno dvojno A-rokovje spredaj in zadaj s hodom 225 mm ter nastavljivimi amortizerji za bolj\u0161e prilagajanje terenu.<\/p>\n<\/li>\n<li data-start=\"756\" data-end=\"887\">\n<p data-start=\"758\" data-end=\"887\"><strong data-start=\"758\" data-end=\"772\">Dimenzije:<\/strong> Dol\u017eina 3635 mm, \u0161irina 1525 mm, vi\u0161ina 2007 mm in medosna razdalja 2770 mm.<\/p>\n<\/li>\n<li data-start=\"889\" data-end=\"1007\">\n<p data-start=\"891\" data-end=\"1007\"><strong data-start=\"891\" data-end=\"914\">Oddaljenost od tal:<\/strong> 300 mm, kar omogo\u010da premagovanje zahtevnej\u0161ih terenov.<\/p>\n<\/li>\n<li data-start=\"1009\" data-end=\"1134\">\n<p data-start=\"1011\" data-end=\"1134\"><strong data-start=\"1011\" data-end=\"1025\">Nosilnost:<\/strong> Nosilnost kesona 300 kg in vle\u010dna zmogljivost za prikolice do 680 kg.<\/p>\n<\/li>\n<li data-start=\"1136\" data-end=\"1275\">\n<p data-start=\"1138\" data-end=\"1275\"><strong data-start=\"1138\" data-end=\"1149\">Gorivo:<\/strong> Rezervoar s prostornino 40 litrov za dalj\u0161e delovne intervale.<\/p>\n<\/li>\n<li data-start=\"1277\" data-end=\"1507\">\n<p data-start=\"1279\" data-end=\"1507\"><strong data-start=\"1279\" data-end=\"1298\">Dodatna oprema:<\/strong> Vklju\u010duje 4500 lb vitel s sinteti\u010dno vrvjo, aluminijasta 14-pal\u010dna plati\u0161\u010da, LED \u017earomete z integriranimi smerniki ter elektri\u010dni servo volan (EPS) za la\u017eje manevriranje.<\/p>\n<\/li>\n<\/ul>\n<p data-start=\"1509\" data-end=\"1718\">CFMOTO UFORCE 800 XL &#8217;25 je zasnovan za uporabnike, ki potrebujejo zanesljivo in zmogljivo vozilo za delo ali prosti \u010das, z dovolj prostora za ekipo in opremo ter prilagodljivostjo za razli\u010dne terenske izzive.<\/p>\n","protected":false},"excerpt":{"rendered":"<p>CFMOTO UFORCE 800 XL &#8217;25 je zmogljivo terensko vozilo, zasnovano za prevoz \u0161tirih potnikov in u\u010dinkovito opravljanje delovnih nalog na razli\u010dnih terenih.<\/p>\n","protected":false},"featured_media":9029,"template":"","meta":[],"product_cat":[124],"product_tag":[],"_links":{"self":[{"href":"https:\/\/www.sba.si\/index.php\/wp-json\/wp\/v2\/product\/9025"}],"collection":[{"href":"https:\/\/www.sba.si\/index.php\/wp-json\/wp\/v2\/product"}],"about":[{"href":"https:\/\/www.sba.si\/index.php\/wp-json\/wp\/v2\/types\/product"}],"version-history":[{"count":2,"href":"https:\/\/www.sba.si\/index.php\/wp-json\/wp\/v2\/product\/9025\/revisions"}],"predecessor-version":[{"id":9034,"href":"https:\/\/www.sba.si\/index.php\/wp-json\/wp\/v2\/product\/9025\/revisions\/9034"}],"wp:featuredmedia":[{"embeddable":true,"href":"https:\/\/www.sba.si\/index.php\/wp-json\/wp\/v2\/media\/9029"}],"wp:attachment":[{"href":"https:\/\/www.sba.si\/index.php\/wp-json\/wp\/v2\/media?parent=9025"}],"wp:term":[{"taxonomy":"product_cat","embeddable":true,"href":"https:\/\/www.sba.si\/index.php\/wp-json\/wp\/v2\/product_cat?post=9025"},{"taxonomy":"product_tag","embeddable":true,"href":"https:\/\/www.sba.si\/index.php\/wp-json\/wp\/v2\/product_tag?post=9025"}],"curies":[{"name":"wp","href":"https:\/\/api.w.org\/{rel}","templated":true}]}}