{"id":9116,"date":"2025-03-11T13:47:50","date_gmt":"2025-03-11T12:47:50","guid":{"rendered":"https:\/\/www.sba.si\/?post_type=product&#038;p=9116"},"modified":"2025-03-11T14:00:11","modified_gmt":"2025-03-11T13:00:11","slug":"plosca-zadnjega-kovcka-sw-motech-cfmoto-800mt-21-25","status":"publish","type":"product","link":"https:\/\/www.sba.si\/index.php\/izdelek\/plosca-zadnjega-kovcka-sw-motech-cfmoto-800mt-21-25\/","title":{"rendered":"PLO\u0160\u010cA ZADNJEGA KOV\u010cKA SW-MOTECH CFMOTO 800MT 21-25"},"content":{"rendered":"<p data-start=\"1104\" data-end=\"1118\"><strong data-start=\"1104\" data-end=\"1118\">Lastnosti:<\/strong><\/p>\n<ul data-start=\"1119\" data-end=\"2217\">\n<li data-start=\"1119\" data-end=\"1174\">Zelo trpe\u017een nosilec za dolge ture in off-road vo\u017enje<\/li>\n<li data-start=\"1175\" data-end=\"1271\">Ekskluzivni proizvodni postopki in optimizirana oblika zagotavljajo dodatno stabilnost nosilca<\/li>\n<li data-start=\"1272\" data-end=\"1407\">Izjemna vzdr\u017eljivost pri vibracijah, udarcih in visokih obremenitvah je bila testirana v laboratoriju in terenu pod najte\u017ejimi pogoji<\/li>\n<li data-start=\"1408\" data-end=\"1530\">Ve\u010d funkcionalnih lukenj: primeren za TRAX kov\u010dke. SysBag z adapter plo\u0161\u010do je na voljo posebej z ustreznim adapter kitom<\/li>\n<li data-start=\"1531\" data-end=\"1665\">Adapter kit-i za pritrditev top kov\u010dkov drugih proizvajalcev (Givi Monokey in Monolock, Krauser, Shad I in II) so prav tako na voljo<\/li>\n<li data-start=\"1666\" data-end=\"1792\">Enostavno pritrjevanje prtljage na \u0161tevilnih, velikih zankah za pritrjevanje, mogo\u010de je tudi prepletanje 25 mm hitrih zaponk<\/li>\n<li data-start=\"1793\" data-end=\"1884\">Zelo velika kontaktna povr\u0161ina (\u0161irina: 32,9 cm spredaj, 22,5 cm zadaj, dol\u017eina: 30,3 cm)<\/li>\n<li data-start=\"1885\" data-end=\"1985\">Enostavna monta\u017ea na originalne to\u010dke za pritrditev s specifi\u010dnimi monta\u017enimi elementi za motocikl<\/li>\n<li data-start=\"1986\" data-end=\"2060\">U\u010dinkovita za\u0161\u010dita pred korozijo zaradi \u010drnega pra\u0161no nanesenega premaza<\/li>\n<li data-start=\"2061\" data-end=\"2130\">Izdelano iz lahkega, a trdnega aluminijastega zlitine debeline 4 mm<\/li>\n<li data-start=\"2131\" data-end=\"2217\">Vsebina paketa:\n<ul data-start=\"2151\" data-end=\"2217\">\n<li data-start=\"2151\" data-end=\"2171\">1 x ADVENTURE-RACK<\/li>\n<li data-start=\"2174\" data-end=\"2195\">Navodila za monta\u017eo<\/li>\n<li data-start=\"2198\" data-end=\"2217\">Monta\u017eni material<\/li>\n<\/ul>\n<\/li>\n<\/ul>\n<p data-start=\"2219\" data-end=\"2244\"><strong data-start=\"2219\" data-end=\"2244\">Tehni\u010dne podrobnosti:<\/strong><\/p>\n<ul data-start=\"2245\" data-end=\"2352\">\n<li data-start=\"2245\" data-end=\"2265\">Material: Aluminij<\/li>\n<li data-start=\"2266\" data-end=\"2294\">Povr\u0161ina: pra\u0161no premazana<\/li>\n<li data-start=\"2295\" data-end=\"2308\">Barva: \u010drna<\/li>\n<li data-start=\"2309\" data-end=\"2352\">Te\u017ea: pribli\u017eno 1,7 kg \/ pribli\u017eno 3,8 lb<\/li>\n<\/ul>\n<p data-start=\"2354\" data-end=\"2432\" data-is-last-node=\"\" data-is-only-node=\"\">Pripravite svoj CFMOTO 800MT na vsako pustolov\u0161\u010dino z ADVENTURE-RACK nosilcem!<\/p>\n","protected":false},"excerpt":{"rendered":"<p data-start=\"0\" data-end=\"70\"><strong data-start=\"0\" data-end=\"70\">Plo\u0161\u010da zadnjega kov\u010dka SW-MOTECH CFMOTO 800MT 21-25 ADVENTURE-RACK<\/strong><\/p>\n<p data-start=\"72\" data-end=\"540\">Pripravite se na velike avanture: Na\u0161a plo\u0161\u010da ADVENTURE-RACK se izka\u017ee z izjemno vzdr\u017eljivostjo in funkcionalno obliko. Ve\u010d kot 15 let izku\u0161enj pri proizvodnji nosilcev, skupaj z mnenji strank in testnih voznikov, je bilo vklju\u010denih v razvoj te aluminijaste plo\u0161\u010de. Debelina materiala, te\u017ea in geometrija so optimizirani za zahtevne ture in off-road uporabo. Prilagojeni nosilci zagotavljajo najbolj\u0161o prileganje in enostavno monta\u017eo na originalne to\u010dke za pritrditev.<\/p>\n<p data-start=\"542\" data-end=\"913\">Plo\u0161\u010da ADVENTURE-RACK je bila posebej razvita za dolge enduro vo\u017enje, velike cestne in \u0161portne turisti\u010dne motocikle, ter ponuja veliko povr\u0161ino za pritrditev prtljage. \u0160tevilne velike zanke za pritrjevanje zagotavljajo varen oprijem za torbe. Funkcionalne luknje zahtevajo adapterje za pritrditev top kov\u010dkov blagovnih znamk SW-MOTECH, Givi, Krauser in Shad, ali SysBags.<\/p>\n<p data-start=\"915\" data-end=\"1102\">Nosilec je bil testiran v te\u017ekih pogojih tako v laboratoriju kot v terenu. Testi so dokazali njegovo trdnost. ADVENTURE-RACK bo zdr\u017eal vse va\u0161e avanture, ne glede na to, kam vas vodi pot.<\/p>\n<p data-start=\"915\" data-end=\"1102\"><strong>KODA: \u00a07453<\/strong><\/p>\n","protected":false},"featured_media":9118,"template":"","meta":[],"product_cat":[132,135],"product_tag":[],"_links":{"self":[{"href":"https:\/\/www.sba.si\/index.php\/wp-json\/wp\/v2\/product\/9116"}],"collection":[{"href":"https:\/\/www.sba.si\/index.php\/wp-json\/wp\/v2\/product"}],"about":[{"href":"https:\/\/www.sba.si\/index.php\/wp-json\/wp\/v2\/types\/product"}],"version-history":[{"count":4,"href":"https:\/\/www.sba.si\/index.php\/wp-json\/wp\/v2\/product\/9116\/revisions"}],"predecessor-version":[{"id":9122,"href":"https:\/\/www.sba.si\/index.php\/wp-json\/wp\/v2\/product\/9116\/revisions\/9122"}],"wp:featuredmedia":[{"embeddable":true,"href":"https:\/\/www.sba.si\/index.php\/wp-json\/wp\/v2\/media\/9118"}],"wp:attachment":[{"href":"https:\/\/www.sba.si\/index.php\/wp-json\/wp\/v2\/media?parent=9116"}],"wp:term":[{"taxonomy":"product_cat","embeddable":true,"href":"https:\/\/www.sba.si\/index.php\/wp-json\/wp\/v2\/product_cat?post=9116"},{"taxonomy":"product_tag","embeddable":true,"href":"https:\/\/www.sba.si\/index.php\/wp-json\/wp\/v2\/product_tag?post=9116"}],"curies":[{"name":"wp","href":"https:\/\/api.w.org\/{rel}","templated":true}]}}