{"id":9129,"date":"2025-03-12T11:36:08","date_gmt":"2025-03-12T10:36:08","guid":{"rendered":"https:\/\/www.sba.si\/?post_type=product&#038;p=9129"},"modified":"2025-12-02T11:52:19","modified_gmt":"2025-12-02T10:52:19","slug":"linhai-landforce-650l-pro-eps-traktor","status":"publish","type":"product","link":"https:\/\/www.sba.si\/index.php\/izdelek\/linhai-landforce-650l-pro-eps-traktor\/","title":{"rendered":"LINHAI LANDFORCE 650L PRO EPS &#8211; TRAKTOR"},"content":{"rendered":"<p data-start=\"287\" data-end=\"478\">Elektronski servo volan (EPS) omogo\u010da natan\u010dno in lahkotno upravljanje, saj prilagaja pomo\u010d glede na hitrost in pogoje vo\u017enje, kar zmanj\u0161uje napor pri krmiljenju in izbolj\u0161uje manevriranje.<\/p>\n<p data-start=\"480\" data-end=\"742\">Varnost in zanesljivost sta zagotovljeni z neodvisnim vzmetenjem z dvojnimi A-rokami spredaj in zadaj ter hidravli\u010dnimi kolutnimi zavorami na vseh kolesih. Pnevmatike dimenzij 26&#215;9-14 spredaj in 26&#215;11-14 zadaj zagotavljajo odli\u010den oprijem na razli\u010dnih terenih.<\/p>\n<p data-start=\"744\" data-end=\"1084\">Linhai Landforce 650L Pro EPS je opremljen tudi z visokozmogljivimi Full-LED Matrix \u017earometi, LED dnevnimi lu\u010dmi in dinami\u010dnimi LED smerniki spredaj, kar izbolj\u0161uje vidljivost in varnost med vo\u017enjo. Poleg tega ima 14-pal\u010dna aluminijasta plati\u0161\u010da s sistemom beadlock, ki zagotavljajo bolj\u0161o stabilnost in vzdr\u017eljivost na zahtevnih terenih.<\/p>\n<p data-start=\"1086\" data-end=\"1297\" data-is-last-node=\"\" data-is-only-node=\"\">Ta model je zasnovan za uporabnike, ki potrebujejo zanesljivo in zmogljivo vozilo za delo ali prosti \u010das na razli\u010dnih terenih, saj zdru\u017euje mo\u010d, vzdr\u017eljivost in napredno tehnologijo za optimalno izku\u0161njo vo\u017enje.<\/p>\n","protected":false},"excerpt":{"rendered":"<p data-start=\"0\" data-end=\"285\">Linhai LANDFORCE 650L Pro EPS je zmogljiv \u0161tirikolesnik, \u017ee serijsko opremljen z 14&#8243; Beadlock plati\u0161\u010di, sprednjim &#8211; zadnjim odbija\u010dem in elektronskim gasom za nadzor nad mo\u010djo vozila. Zasnovan za zahtevne terene in razli\u010dne delovne naloge. Opremljen je z enovaljnim, \u0161tiritaktnim, vodno hlajenim motorjem s prostornino 580 ccm, ki razvije mo\u010d 30 kW (40,2 KM) pri 6800 vrt\/min in navor 49,5 Nm pri 5400 vrt\/min.<\/p>\n<p data-start=\"1086\" data-end=\"1297\" data-is-last-node=\"\" data-is-only-node=\"\">\n","protected":false},"featured_media":9141,"template":"","meta":[],"product_cat":[59,60,116],"product_tag":[],"_links":{"self":[{"href":"https:\/\/www.sba.si\/index.php\/wp-json\/wp\/v2\/product\/9129"}],"collection":[{"href":"https:\/\/www.sba.si\/index.php\/wp-json\/wp\/v2\/product"}],"about":[{"href":"https:\/\/www.sba.si\/index.php\/wp-json\/wp\/v2\/types\/product"}],"version-history":[{"count":8,"href":"https:\/\/www.sba.si\/index.php\/wp-json\/wp\/v2\/product\/9129\/revisions"}],"predecessor-version":[{"id":10950,"href":"https:\/\/www.sba.si\/index.php\/wp-json\/wp\/v2\/product\/9129\/revisions\/10950"}],"wp:featuredmedia":[{"embeddable":true,"href":"https:\/\/www.sba.si\/index.php\/wp-json\/wp\/v2\/media\/9141"}],"wp:attachment":[{"href":"https:\/\/www.sba.si\/index.php\/wp-json\/wp\/v2\/media?parent=9129"}],"wp:term":[{"taxonomy":"product_cat","embeddable":true,"href":"https:\/\/www.sba.si\/index.php\/wp-json\/wp\/v2\/product_cat?post=9129"},{"taxonomy":"product_tag","embeddable":true,"href":"https:\/\/www.sba.si\/index.php\/wp-json\/wp\/v2\/product_tag?post=9129"}],"curies":[{"name":"wp","href":"https:\/\/api.w.org\/{rel}","templated":true}]}}