{"id":9179,"date":"2025-03-14T10:40:30","date_gmt":"2025-03-14T09:40:30","guid":{"rendered":"https:\/\/www.sba.si\/?post_type=product&#038;p=9179"},"modified":"2025-03-14T10:42:51","modified_gmt":"2025-03-14T09:42:51","slug":"tank-nalepka-progrip-prozorna","status":"publish","type":"product","link":"https:\/\/www.sba.si\/index.php\/izdelek\/tank-nalepka-progrip-prozorna\/","title":{"rendered":"TANK NALEPKA PROGRIP PROZORNA"},"content":{"rendered":"","protected":false},"excerpt":{"rendered":"<p data-start=\"0\" data-end=\"45\"><strong data-start=\"0\" data-end=\"43\">TANK NALEPKA PROGRIP PROZORNA<\/strong><\/p>\n<p data-start=\"47\" data-end=\"327\">Za\u0161\u010ditite svoj motor in mu dodajte \u0161portni videz s kakovostno <strong data-start=\"109\" data-end=\"152\">tank nalepko ProGrip Prozorna <\/strong>! Ta dvodelna nalepka je oblikovana za enostavno namestitev ter zagotavlja u\u010dinkovito za\u0161\u010dito rezervoarja pred praskami, ki jih povzro\u010dajo zaponke, zadrge in drugi predmeti.<\/p>\n<h3 data-start=\"329\" data-end=\"356\"><strong data-start=\"333\" data-end=\"354\">Glavne lastnosti:<\/strong><\/h3>\n<ul>\n<li data-start=\"357\" data-end=\"825\"><strong data-start=\"359\" data-end=\"379\">Dvodelna zasnova<\/strong> \u2013 omogo\u010da preprosto in natan\u010dno namestitev<\/li>\n<li data-start=\"357\" data-end=\"825\"><strong data-start=\"427\" data-end=\"449\">Vzdr\u017eljiv material<\/strong> \u2013 izdelana iz posebne smole ProGrip, ki zagotavlja dolgotrajno obstojnost<\/li>\n<li data-start=\"357\" data-end=\"825\"><strong data-start=\"528\" data-end=\"551\">Samolepilna podloga<\/strong> \u2013 mo\u010dno in zanesljivo pritrjevanje brez dodatnih lepil<\/li>\n<li data-start=\"357\" data-end=\"825\"><strong data-start=\"611\" data-end=\"636\">Za\u0161\u010dita pred praskami<\/strong> \u2013 \u0161\u010diti rezervoar pred po\u0161kodbami zaradi obla\u010dil in opreme<\/li>\n<li data-start=\"357\" data-end=\"825\"><strong data-start=\"700\" data-end=\"729\">Eleganten in tanek dizajn<\/strong> \u2013 primeren za \u0161portne, touring in cestne motorje<\/li>\n<li data-start=\"357\" data-end=\"825\"><strong data-start=\"783\" data-end=\"797\">Dimenzije:<\/strong> pribli\u017eno <strong data-start=\"808\" data-end=\"823\">4-1\/2&#8243; x 8&#8243;<\/strong><\/li>\n<\/ul>\n<p data-start=\"827\" data-end=\"920\" data-is-last-node=\"\" data-is-only-node=\"\">Izberite <strong data-start=\"836\" data-end=\"860\">ProGrip tank nalepko<\/strong> za optimalno za\u0161\u010dito in estetski dodatek va\u0161emu motorju!<\/p>\n","protected":false},"featured_media":9175,"template":"","meta":[],"product_cat":[132,136,133,135],"product_tag":[],"_links":{"self":[{"href":"https:\/\/www.sba.si\/index.php\/wp-json\/wp\/v2\/product\/9179"}],"collection":[{"href":"https:\/\/www.sba.si\/index.php\/wp-json\/wp\/v2\/product"}],"about":[{"href":"https:\/\/www.sba.si\/index.php\/wp-json\/wp\/v2\/types\/product"}],"version-history":[{"count":2,"href":"https:\/\/www.sba.si\/index.php\/wp-json\/wp\/v2\/product\/9179\/revisions"}],"predecessor-version":[{"id":9181,"href":"https:\/\/www.sba.si\/index.php\/wp-json\/wp\/v2\/product\/9179\/revisions\/9181"}],"wp:featuredmedia":[{"embeddable":true,"href":"https:\/\/www.sba.si\/index.php\/wp-json\/wp\/v2\/media\/9175"}],"wp:attachment":[{"href":"https:\/\/www.sba.si\/index.php\/wp-json\/wp\/v2\/media?parent=9179"}],"wp:term":[{"taxonomy":"product_cat","embeddable":true,"href":"https:\/\/www.sba.si\/index.php\/wp-json\/wp\/v2\/product_cat?post=9179"},{"taxonomy":"product_tag","embeddable":true,"href":"https:\/\/www.sba.si\/index.php\/wp-json\/wp\/v2\/product_tag?post=9179"}],"curies":[{"name":"wp","href":"https:\/\/api.w.org\/{rel}","templated":true}]}}