{"id":9396,"date":"2025-04-02T15:02:51","date_gmt":"2025-04-02T13:02:51","guid":{"rendered":"https:\/\/www.sba.si\/?post_type=product&#038;p=9396"},"modified":"2025-04-02T15:19:30","modified_gmt":"2025-04-02T13:19:30","slug":"jet-celada-ls2-of600-copter-ii-crna-matt","status":"publish","type":"product","link":"https:\/\/www.sba.si\/index.php\/izdelek\/jet-celada-ls2-of600-copter-ii-crna-matt\/","title":{"rendered":"JET \u010cELADA LS2 OF600 COPTER II \u010cRNA MATT"},"content":{"rendered":"<h2 class=\"\" data-start=\"406\" data-end=\"448\"><strong data-start=\"409\" data-end=\"448\">Jet \u010delada LS2 OF600 Copter II \u010cRNA MATT<\/strong><\/h2>\n<p class=\"\" data-start=\"450\" data-end=\"605\"><strong data-start=\"450\" data-end=\"473\">LS2 OF600 Copter II<\/strong> je sodobna jet \u010delada, idealna za mestno vo\u017enjo. Ponuja lahko konstrukcijo, visoko raven udobja in varnosti ter \u0161iroko vidno polje.<\/p>\n<hr class=\"\" data-start=\"607\" data-end=\"610\" \/>\n<h3 class=\"\" data-start=\"612\" data-end=\"639\"><strong data-start=\"616\" data-end=\"639\">Tehni\u010dne lastnosti:<\/strong><\/h3>\n<ul>\n<li data-start=\"643\" data-end=\"675\"><strong data-start=\"643\" data-end=\"653\">Model:<\/strong> LS2 OF600 Copter II<\/li>\n<li data-start=\"643\" data-end=\"675\"><strong data-start=\"678\" data-end=\"688\">Barva:<\/strong> \u010crna\u00a0 matt<\/li>\n<li data-start=\"643\" data-end=\"675\"><strong data-start=\"706\" data-end=\"714\">Tip:<\/strong> Jet \u010delada (odprta)<\/li>\n<li data-start=\"643\" data-end=\"675\"><strong data-start=\"739\" data-end=\"756\">Homologacija:<\/strong> ECE 22.06<\/li>\n<li data-start=\"643\" data-end=\"675\"><strong data-start=\"771\" data-end=\"792\">Material \u0161koljke:<\/strong> HPTT (High Pressure Thermoplastic Technology)<\/li>\n<li data-start=\"643\" data-end=\"675\"><strong data-start=\"843\" data-end=\"852\">Te\u017ea:<\/strong> 1200 g \u00b1 50 g<\/li>\n<li data-start=\"643\" data-end=\"675\"><strong data-start=\"871\" data-end=\"886\">Zapenjanje:<\/strong> Mikrometri\u010dni zapiralni sistem<\/li>\n<li data-start=\"643\" data-end=\"675\"><strong data-start=\"922\" data-end=\"932\">Vizir:<\/strong><\/li>\n<li data-start=\"643\" data-end=\"675\">\u00a0\u0160irok<\/li>\n<li data-start=\"643\" data-end=\"675\">UV za\u0161\u010dita<\/li>\n<li data-start=\"643\" data-end=\"675\">Odpornost proti praskam<\/li>\n<li data-start=\"643\" data-end=\"675\"><strong data-start=\"996\" data-end=\"1016\">Son\u010dna zaslonka:<\/strong> Integrirana, notranja<\/li>\n<li data-start=\"643\" data-end=\"675\"><strong data-start=\"1043\" data-end=\"1058\">Notranjost:<\/strong><\/li>\n<li data-start=\"643\" data-end=\"675\">Odstranljiva in pralna<\/li>\n<li data-start=\"643\" data-end=\"675\">\u00a0Hipoalergena<\/li>\n<li data-start=\"643\" data-end=\"675\">3D lasersko rezana pena<\/li>\n<li data-start=\"643\" data-end=\"675\"><strong data-start=\"1141\" data-end=\"1159\">Prezra\u010devanje:<\/strong><\/li>\n<li data-start=\"643\" data-end=\"675\">2 veliki zra\u010dniki<\/li>\n<li data-start=\"643\" data-end=\"675\"><strong data-start=\"1188\" data-end=\"1200\">Dodatno:<\/strong><\/li>\n<li data-start=\"643\" data-end=\"675\">Oja\u010dan pa\u0161\u010dek<\/li>\n<li data-start=\"643\" data-end=\"675\">Bradna zavesica<\/li>\n<\/ul>\n","protected":false},"excerpt":{"rendered":"<h5 data-start=\"406\" data-end=\"448\"><strong data-start=\"409\" data-end=\"448\">Jet \u010delada LS2 OF600 Copter II \u010cRNA MATT<\/strong><\/h5>\n<p class=\"\" data-start=\"450\" data-end=\"605\"><strong data-start=\"450\" data-end=\"473\">LS2 OF600 Copter II<\/strong> je sodobna jet \u010delada, idealna za mestno vo\u017enjo. Ponuja lahko konstrukcijo, visoko raven udobja in varnosti ter \u0161iroko vidno polje.<\/p>\n","protected":false},"featured_media":9397,"template":"","meta":[],"product_cat":[38,45,50],"product_tag":[],"_links":{"self":[{"href":"https:\/\/www.sba.si\/index.php\/wp-json\/wp\/v2\/product\/9396"}],"collection":[{"href":"https:\/\/www.sba.si\/index.php\/wp-json\/wp\/v2\/product"}],"about":[{"href":"https:\/\/www.sba.si\/index.php\/wp-json\/wp\/v2\/types\/product"}],"version-history":[{"count":2,"href":"https:\/\/www.sba.si\/index.php\/wp-json\/wp\/v2\/product\/9396\/revisions"}],"predecessor-version":[{"id":9421,"href":"https:\/\/www.sba.si\/index.php\/wp-json\/wp\/v2\/product\/9396\/revisions\/9421"}],"wp:featuredmedia":[{"embeddable":true,"href":"https:\/\/www.sba.si\/index.php\/wp-json\/wp\/v2\/media\/9397"}],"wp:attachment":[{"href":"https:\/\/www.sba.si\/index.php\/wp-json\/wp\/v2\/media?parent=9396"}],"wp:term":[{"taxonomy":"product_cat","embeddable":true,"href":"https:\/\/www.sba.si\/index.php\/wp-json\/wp\/v2\/product_cat?post=9396"},{"taxonomy":"product_tag","embeddable":true,"href":"https:\/\/www.sba.si\/index.php\/wp-json\/wp\/v2\/product_tag?post=9396"}],"curies":[{"name":"wp","href":"https:\/\/api.w.org\/{rel}","templated":true}]}}