{"id":943,"date":"2022-01-10T17:24:16","date_gmt":"2022-01-10T16:24:16","guid":{"rendered":"https:\/\/www.sba.si\/prenova\/?post_type=product&#038;p=943"},"modified":"2026-02-17T08:53:17","modified_gmt":"2026-02-17T07:53:17","slug":"cf-moto-625ltouring-eps-euro-5","status":"publish","type":"product","link":"https:\/\/www.sba.si\/index.php\/izdelek\/cf-moto-625ltouring-eps-euro-5\/","title":{"rendered":"CFMOTO 625L EPS EURO 5 &#8217;26"},"content":{"rendered":"","protected":false},"excerpt":{"rendered":"<p>CF MOTO 625L vas bo navdu\u0161il s servo krmilom, odli\u010dnimi zmogljivostmi motorja in velikimi dimenzijami, kjer je na voljo veliko prostora za voznika in sopotnika.<\/p>\n<p>CF MOTO 625L s svojo podalj\u0161ano \u0161asijo nudi veliko prostora za udobno in varno vo\u017enjo v dvoje. Je\u00a0 popolno opremljen in ponuja vse, kar je potrebno za\u00a0 udobno\u00a0 vo\u017enjo in dobre\u00a0 zmogljivosti\u00a0 ima 2\u00d74 ali 4\u00d74 , 100% zapora zadnjega in sprednjega\u00a0 diferenciala, mo\u010dan vitel, homologirano vle\u010dno napravo s priklopom za elektriko, CV- tech sklopko (made in Canada) z odli\u010dno motorno zavoro, 12 col aluminijasta plati\u0161\u010da skupaj\u00a0 s terenskimi\u00a0 gumami , dalj\u0161o medosno razdaljo, naslon\u00a0 in dr\u017eala za sopotnika ter \u00a0dnevne LED lu\u010di.<\/p>\n<p>Barve: siva, \u010drna, rde\u010da.<\/p>\n","protected":false},"featured_media":11326,"template":"","meta":[],"product_cat":[59,68,111],"product_tag":[],"_links":{"self":[{"href":"https:\/\/www.sba.si\/index.php\/wp-json\/wp\/v2\/product\/943"}],"collection":[{"href":"https:\/\/www.sba.si\/index.php\/wp-json\/wp\/v2\/product"}],"about":[{"href":"https:\/\/www.sba.si\/index.php\/wp-json\/wp\/v2\/types\/product"}],"version-history":[{"count":16,"href":"https:\/\/www.sba.si\/index.php\/wp-json\/wp\/v2\/product\/943\/revisions"}],"predecessor-version":[{"id":11346,"href":"https:\/\/www.sba.si\/index.php\/wp-json\/wp\/v2\/product\/943\/revisions\/11346"}],"wp:featuredmedia":[{"embeddable":true,"href":"https:\/\/www.sba.si\/index.php\/wp-json\/wp\/v2\/media\/11326"}],"wp:attachment":[{"href":"https:\/\/www.sba.si\/index.php\/wp-json\/wp\/v2\/media?parent=943"}],"wp:term":[{"taxonomy":"product_cat","embeddable":true,"href":"https:\/\/www.sba.si\/index.php\/wp-json\/wp\/v2\/product_cat?post=943"},{"taxonomy":"product_tag","embeddable":true,"href":"https:\/\/www.sba.si\/index.php\/wp-json\/wp\/v2\/product_tag?post=943"}],"curies":[{"name":"wp","href":"https:\/\/api.w.org\/{rel}","templated":true}]}}