{"id":9496,"date":"2025-04-11T13:24:36","date_gmt":"2025-04-11T11:24:36","guid":{"rendered":"https:\/\/www.sba.si\/?post_type=product&#038;p=9496"},"modified":"2025-04-11T13:25:52","modified_gmt":"2025-04-11T11:25:52","slug":"atv-mulcer-120-cm-15hp","status":"publish","type":"product","link":"https:\/\/www.sba.si\/index.php\/izdelek\/atv-mulcer-120-cm-15hp\/","title":{"rendered":"ATV mul\u010der 120 cm &#8211; 15HP"},"content":{"rendered":"<p><strong>Pogonski sistem na 3 jermena s centrifugalno sklopko<\/strong><\/p>\n<p>Novo razvit ATV mul\u010der vklju\u010duje klju\u010dne oblikovne izbolj\u0161ave. Uvedba jermenskega pogona z visokoprecizno centrifugalno sklopko (izdelano v Nem\u010diji) omogo\u010da skoraj 100% prenos mo\u010di in skoraj 0% zdrsa jermena skozi leta. Zdrs jermena je obi\u010dajno glavni vzrok za okvare, vendar novi sistem za napenjanje jermena to popolnoma odpravi. S tem ne samo da prihranite denar in \u010das izpadov, ampak lahko tudi brezskrbno uporabljate na\u0161 nov zmogljiv 15 KM motor \u2013 brez zdrsa jermena.<\/p>\n<p><strong>Prilagodljiva postavitev koles<\/strong><\/p>\n<p>Vi\u0161ina ko\u0161nje se lahko nastavi od 20 mm do 70 mm. Vle\u010dna roka je popolnoma nastavljiva in omogo\u010da 3-to\u010dkovni zamik za zmanj\u0161anje tla\u010denja tal. Zelo fleksibilna funkcija zamika omogo\u010da tudi bli\u017enjo vo\u017enjo ob zidovih in ograjah, poleg tega pa olaj\u0161a ko\u0161njo pod grmovjem ali son\u010dnimi paneli.<\/p>\n<p>V smeri vo\u017enje na desno mul\u010der omogo\u010da zamik 140 cm (model ATV-120) oziroma 175 cm (ATV-150) od sredine vle\u010dnega vozila. V smeri vo\u017enje na levo pa omogo\u010da zamik 175 cm (ATV-120) oziroma 205 cm (ATV-150). Gre za vrednosti zamika, ki jih obi\u010dajno dosegajo le traktorji z hidravli\u010dnim stranskim pomikom.<\/p>\n<p>ATV mul\u010der se obi\u010dajno uporablja s kolesi name\u0161\u010denimi ob straneh, kar omogo\u010da tudi manj\u0161im ATV vozilom varno vleko 223 kg (ATV-120) ali 263 kg (ATV-150) te\u017ekega mul\u010derja po zahtevnem terenu. Za posebne namene, kot je ko\u0161nja ob ograjah, zidovih ali stavbah, je mogo\u010de kolesa namestiti tudi na zadnji del mul\u010derja z uporabo prilo\u017eenega nosilca.<\/p>\n<p>Pod masivnim 4 mm jeklenim ohi\u0161jem se nahaja lasersko uravnote\u017eena rotor gred z 28 ali 32 kovinskimi, pocinkanimi kladivi, vsak te\u017ee 320 g. Rotor se vrti s hitrostjo do 3200 vrt\/min in razre\u017ee material na minimum, da se ta hitro razgradi. Mul\u010der je idealen stroj za ko\u0161njo vseh vrst povr\u0161in, uporaben pa je tudi v podrasti, pri manj\u0161ih grmih in delu na zahtevnem terenu. Te\u017eki valj zadaj zagotavlja enakomerno delo tudi na neravnem terenu. Zaradi velikih in \u0161irokih pnevmatik je mul\u010der primeren tudi za mehke povr\u0161ine.<\/p>\n<p>&nbsp;<\/p>\n","protected":false},"excerpt":{"rendered":"<p><strong>ATV mul\u010der <\/strong>z 120cm delovne \u0161irine poganja 15 HP Briggs Stratton motor. Pripnete ga lahko na vsako vozilo s standardno 50mm bunko za prikolico. Mul\u010der poganja zmogljiv 420 ccm \u0161tiritaktni enovaljni bencinski Briggs&amp;Stratton motor z mo\u010djo 15 KM \/ 11 kW pri 3600 vrt\/min. Za enostavno upravljanje sta na voljo varnostno stikalo za izklop v sili in ro\u010dica za nastavitev plina, ki jo namestite na va\u0161e vozilo in upravljate vklop ter izklop mul\u010derja.<\/p>\n<p>Mul\u010der nudi prakti\u010dni servisni pregled z veliko zadnjo odprtino na hitre spojke.<\/p>\n<p>&nbsp;<\/p>\n","protected":false},"featured_media":9479,"template":"","meta":[],"product_cat":[54,122],"product_tag":[],"_links":{"self":[{"href":"https:\/\/www.sba.si\/index.php\/wp-json\/wp\/v2\/product\/9496"}],"collection":[{"href":"https:\/\/www.sba.si\/index.php\/wp-json\/wp\/v2\/product"}],"about":[{"href":"https:\/\/www.sba.si\/index.php\/wp-json\/wp\/v2\/types\/product"}],"version-history":[{"count":1,"href":"https:\/\/www.sba.si\/index.php\/wp-json\/wp\/v2\/product\/9496\/revisions"}],"predecessor-version":[{"id":9497,"href":"https:\/\/www.sba.si\/index.php\/wp-json\/wp\/v2\/product\/9496\/revisions\/9497"}],"wp:featuredmedia":[{"embeddable":true,"href":"https:\/\/www.sba.si\/index.php\/wp-json\/wp\/v2\/media\/9479"}],"wp:attachment":[{"href":"https:\/\/www.sba.si\/index.php\/wp-json\/wp\/v2\/media?parent=9496"}],"wp:term":[{"taxonomy":"product_cat","embeddable":true,"href":"https:\/\/www.sba.si\/index.php\/wp-json\/wp\/v2\/product_cat?post=9496"},{"taxonomy":"product_tag","embeddable":true,"href":"https:\/\/www.sba.si\/index.php\/wp-json\/wp\/v2\/product_tag?post=9496"}],"curies":[{"name":"wp","href":"https:\/\/api.w.org\/{rel}","templated":true}]}}