{"id":9736,"date":"2025-05-26T16:10:48","date_gmt":"2025-05-26T14:10:48","guid":{"rendered":"https:\/\/www.sba.si\/?post_type=product&#038;p=9736"},"modified":"2025-05-26T16:12:43","modified_gmt":"2025-05-26T14:12:43","slug":"atv-sprednji-mulcer-kosilnica-ib-120cm","status":"publish","type":"product","link":"https:\/\/www.sba.si\/index.php\/izdelek\/atv-sprednji-mulcer-kosilnica-ib-120cm\/","title":{"rendered":"ATV sprednji mul\u010der-kosilnica-IB-120cm"},"content":{"rendered":"<p>Hitro in enostavno name\u0161\u010danje. Enostavno preklapljanje med delovnim in transportnim polo\u017eajem s pomo\u010djo ATV vitla.<br data-start=\"173\" data-end=\"176\" \/>Poganja ga 344 cm\u00b3 bencinski motor Briggs &amp; Stratton na pogonski jermen z enostavno ro\u010dico za vklop &#8211; izklop delovanja kosi\u0161\u010da.<br data-start=\"228\" data-end=\"231\" \/>6 kaljenih jeklenih rezil za u\u010dinkovito rezanje &#8211; mul\u010danje.<br data-start=\"326\" data-end=\"329\" \/>\u0160irina reza: 120 cm.<br data-start=\"364\" data-end=\"367\" \/>Za\u0161\u010ditni okvir za ve\u010djo varnost.<br data-start=\"398\" data-end=\"401\" \/>Nastavljiva vi\u0161ina reza.<br data-start=\"424\" data-end=\"427\" \/>Izmetni kanal.<br data-start=\"440\" data-end=\"443\" \/><br data-start=\"569\" data-end=\"572\" \/>Za monta\u017eo je potrebno dokupiti tipski nosilec za vozilo na katerega se nato pripne mul\u010der (na voljo lo\u010deno).<\/p>\n<p>Izdelek je razvit in proizveden v EU.<\/p>\n<p>Te\u017ea: 137kg,<br \/>\nDelovna \u0161irina: 120 cm,<br data-start=\"45\" data-end=\"48\" \/>Motor: 10,5 KM Briggs &amp; Stratton Vanguard,<br data-start=\"75\" data-end=\"78\" \/>Te\u017ea: 137 kg,<br data-start=\"90\" data-end=\"93\" \/>Dimenzije paketa: 1320 x 950 x 880 mm.<\/p>\n","protected":false},"excerpt":{"rendered":"<p>Sprednji mul\u010der &#8211; kosilnica je specifi\u010dno namenjena za ATV &#8211; UTV vozila. Ko\u0161nja grmovja, trave, podrasti in dreves s premerom do 100mm.<\/p>\n","protected":false},"featured_media":9739,"template":"","meta":[],"product_cat":[122],"product_tag":[],"_links":{"self":[{"href":"https:\/\/www.sba.si\/index.php\/wp-json\/wp\/v2\/product\/9736"}],"collection":[{"href":"https:\/\/www.sba.si\/index.php\/wp-json\/wp\/v2\/product"}],"about":[{"href":"https:\/\/www.sba.si\/index.php\/wp-json\/wp\/v2\/types\/product"}],"version-history":[{"count":3,"href":"https:\/\/www.sba.si\/index.php\/wp-json\/wp\/v2\/product\/9736\/revisions"}],"predecessor-version":[{"id":9743,"href":"https:\/\/www.sba.si\/index.php\/wp-json\/wp\/v2\/product\/9736\/revisions\/9743"}],"wp:featuredmedia":[{"embeddable":true,"href":"https:\/\/www.sba.si\/index.php\/wp-json\/wp\/v2\/media\/9739"}],"wp:attachment":[{"href":"https:\/\/www.sba.si\/index.php\/wp-json\/wp\/v2\/media?parent=9736"}],"wp:term":[{"taxonomy":"product_cat","embeddable":true,"href":"https:\/\/www.sba.si\/index.php\/wp-json\/wp\/v2\/product_cat?post=9736"},{"taxonomy":"product_tag","embeddable":true,"href":"https:\/\/www.sba.si\/index.php\/wp-json\/wp\/v2\/product_tag?post=9736"}],"curies":[{"name":"wp","href":"https:\/\/api.w.org\/{rel}","templated":true}]}}