{"id":9783,"date":"2025-06-04T14:23:09","date_gmt":"2025-06-04T12:23:09","guid":{"rendered":"https:\/\/www.sba.si\/?post_type=product&#038;p=9783"},"modified":"2025-10-10T15:34:05","modified_gmt":"2025-10-10T13:34:05","slug":"cfmoto-u10-pro-highland-25","status":"publish","type":"product","link":"https:\/\/www.sba.si\/index.php\/izdelek\/cfmoto-u10-pro-highland-25\/","title":{"rendered":"CFMOTO U10 PRO Highland &#8217;25"},"content":{"rendered":"<h3 data-start=\"246\" data-end=\"272\">Klju\u010dne zna\u010dilnosti:<\/h3>\n<ul data-start=\"273\" data-end=\"1020\">\n<li data-start=\"273\" data-end=\"407\">Zmogljiv 999cc\u00a0 3-valjni motor \u2013 90 konjskih mo\u010di in izjemen navor omogo\u010data brezkompromisno vleko in obvladovanje vseh vrst terenov.<\/li>\n<li data-start=\"408\" data-end=\"524\">Elektronski vbrizg goriva in CVT menjalnik \u2013 zagotavljata gladko in u\u010dinkovito vo\u017enjo z optimalno porabo goriva.<\/li>\n<li data-start=\"525\" data-end=\"650\">4&#215;4 pogon z diferencialno zaporo \u2013 prilagodi se razli\u010dnim podlagam in omogo\u010da odli\u010den oprijem na blatu, pesku ali skalah.<\/li>\n<li data-start=\"651\" data-end=\"774\">Nosilnost in vle\u010dna zmogljivost \u2013 tovorna postelja s kapaciteto do 450 kg in vle\u010dna mo\u010d do 1000 kg olaj\u0161ata vsako delo.<\/li>\n<li data-start=\"775\" data-end=\"889\" data-is-only-node=\"\">Servo volan in neodvisno vzmetenje \u2013 poskrbita za udobno in natan\u010dno vo\u017enjo, tudi pri dolgih dnevih na terenu.<\/li>\n<li data-start=\"890\" data-end=\"1020\">LED osvetlitev in digitalni zaslon \u2013 moderni dodatki, ki zagotavljajo odli\u010dno vidljivost in preglednost nad klju\u010dnimi podatki.<\/li>\n<\/ul>\n<p data-start=\"1022\" data-end=\"1266\">CFMOTO UFORCE 1000 je popoln spremljevalec za vse, ki potrebujejo prakti\u010dno, sodobno in zmogljivo terensko vozilo. Hkrati pa bo navdu\u0161il tudi rekreativne voznike, ki i\u0161\u010dejo zanesljiv stroj za adrenalinske pustolov\u0161\u010dine v naravi.<\/p>\n<p data-start=\"1268\" data-end=\"1347\" data-is-last-node=\"\" data-is-only-node=\"\">Ne glede na to, ali gre za delo ali zabavo \u2013 UFORCE U10 PRO Highland je s kompletno kabino pripravljen na vse!<\/p>\n","protected":false},"excerpt":{"rendered":"<p data-start=\"0\" data-end=\"244\">CFMOTO U10 PRO\u00a0 Highland je zmogljiv in vsestranski delovni UTV, zasnovan za zahtevne terene in te\u017eke naloge. Najnovej\u0161i model U10 PRO ponuja kombinacijo mo\u010di, udobja in funkcionalnosti, ki navdu\u0161i tako profesionalne uporabnike kot avanturiste.<\/p>\n<p data-start=\"0\" data-end=\"244\">Highland model nudi luksuzno kabino z vgrajenim tovarni\u0161kim HVAC sistemom za hlajenje in gretje ne glede na zunanjo temperaturo. Od vrhunskih sede\u017eev in zvo\u010dno izoliranega stropa do zatesnjenih elektri\u010dnih oken in elektri\u010dnega nagibnega vetrobranskega stekla \u2013 notranjost modela Highland bolj spominja na luksuzni SUV kot na UTV. Zmogljiv 998-kubi\u010dni teko\u010dinsko hlajen trivaljni motor zagotavlja gladko in zanesljivo delovanje z izjemnim navorom za zahtevna opravila in grob teren. 8-pal\u010dni zaslon na dotik RideSync\u2122 z Apple CarPlay ponuja izjemno uporabni\u0161ko izku\u0161njo. S svojo neprimerljivo kombinacijo vrhunskih funkcij, naprednega in\u017eeniringa in izjemne vrednosti je U10 Pro Highland resni\u010dno razred zase.<\/p>\n<p data-start=\"1268\" data-end=\"1347\" data-is-last-node=\"\" data-is-only-node=\"\">\n","protected":false},"featured_media":9785,"template":"","meta":[],"product_cat":[124,59,68,115],"product_tag":[],"_links":{"self":[{"href":"https:\/\/www.sba.si\/index.php\/wp-json\/wp\/v2\/product\/9783"}],"collection":[{"href":"https:\/\/www.sba.si\/index.php\/wp-json\/wp\/v2\/product"}],"about":[{"href":"https:\/\/www.sba.si\/index.php\/wp-json\/wp\/v2\/types\/product"}],"version-history":[{"count":5,"href":"https:\/\/www.sba.si\/index.php\/wp-json\/wp\/v2\/product\/9783\/revisions"}],"predecessor-version":[{"id":10691,"href":"https:\/\/www.sba.si\/index.php\/wp-json\/wp\/v2\/product\/9783\/revisions\/10691"}],"wp:featuredmedia":[{"embeddable":true,"href":"https:\/\/www.sba.si\/index.php\/wp-json\/wp\/v2\/media\/9785"}],"wp:attachment":[{"href":"https:\/\/www.sba.si\/index.php\/wp-json\/wp\/v2\/media?parent=9783"}],"wp:term":[{"taxonomy":"product_cat","embeddable":true,"href":"https:\/\/www.sba.si\/index.php\/wp-json\/wp\/v2\/product_cat?post=9783"},{"taxonomy":"product_tag","embeddable":true,"href":"https:\/\/www.sba.si\/index.php\/wp-json\/wp\/v2\/product_tag?post=9783"}],"curies":[{"name":"wp","href":"https:\/\/api.w.org\/{rel}","templated":true}]}}