{"id":9833,"date":"2025-06-11T12:40:16","date_gmt":"2025-06-11T10:40:16","guid":{"rendered":"https:\/\/www.sba.si\/?post_type=product&#038;p=9833"},"modified":"2025-06-11T12:42:31","modified_gmt":"2025-06-11T10:42:31","slug":"celada-ls2-ff902-scope-ii-siva-crna","status":"publish","type":"product","link":"https:\/\/www.sba.si\/index.php\/izdelek\/celada-ls2-ff902-scope-ii-siva-crna\/","title":{"rendered":"\u010cELADA LS2 FF902 SCOPE II SIVA \u010cRNA"},"content":{"rendered":"","protected":false},"excerpt":{"rendered":"<p>\u0160portna\/turna \u010delada,visoka varnost in popolno udobje, HPTT kompozitna lupina, zlo\u017eljiva notranja son\u010dna za\u0161\u010dita, polikarbonatni vizir proti praskam\/proti UV, prezra\u010devanje z nastavljivimi dovodi zraka, za\u0161\u010dita za brado, odstranljiva in pralna notranjost, hitro zapenjanje s sponko, prilo\u017een Pinlock Max Vision, 1650 g<\/p>\n","protected":false},"featured_media":9837,"template":"","meta":[],"product_cat":[38,45,47],"product_tag":[],"_links":{"self":[{"href":"https:\/\/www.sba.si\/index.php\/wp-json\/wp\/v2\/product\/9833"}],"collection":[{"href":"https:\/\/www.sba.si\/index.php\/wp-json\/wp\/v2\/product"}],"about":[{"href":"https:\/\/www.sba.si\/index.php\/wp-json\/wp\/v2\/types\/product"}],"version-history":[{"count":1,"href":"https:\/\/www.sba.si\/index.php\/wp-json\/wp\/v2\/product\/9833\/revisions"}],"predecessor-version":[{"id":9839,"href":"https:\/\/www.sba.si\/index.php\/wp-json\/wp\/v2\/product\/9833\/revisions\/9839"}],"wp:featuredmedia":[{"embeddable":true,"href":"https:\/\/www.sba.si\/index.php\/wp-json\/wp\/v2\/media\/9837"}],"wp:attachment":[{"href":"https:\/\/www.sba.si\/index.php\/wp-json\/wp\/v2\/media?parent=9833"}],"wp:term":[{"taxonomy":"product_cat","embeddable":true,"href":"https:\/\/www.sba.si\/index.php\/wp-json\/wp\/v2\/product_cat?post=9833"},{"taxonomy":"product_tag","embeddable":true,"href":"https:\/\/www.sba.si\/index.php\/wp-json\/wp\/v2\/product_tag?post=9833"}],"curies":[{"name":"wp","href":"https:\/\/api.w.org\/{rel}","templated":true}]}}