{"id":9860,"date":"2025-06-13T10:26:42","date_gmt":"2025-06-13T08:26:42","guid":{"rendered":"https:\/\/www.sba.si\/?post_type=product&#038;p=9860"},"modified":"2025-06-13T10:33:43","modified_gmt":"2025-06-13T08:33:43","slug":"rokavice-thor-terrain-crna","status":"publish","type":"product","link":"https:\/\/www.sba.si\/index.php\/izdelek\/rokavice-thor-terrain-crna\/","title":{"rendered":"ROKAVICE THOR TERRAIN \u010cRNA"},"content":{"rendered":"","protected":false},"excerpt":{"rendered":"<p>Rokavice Hevik Shamal so udobne in lahke, najbolj primerna za vo\u017enjo motorja ali skuterja v poletnem obdobju.<\/p>\n<p>Predeli z zra\u010dniki omogo\u010dajo, da ostanejo roke suhe tudi v najbolj vro\u010dih dneh. EVA material za za\u0161\u010dito \u010dlenkov.<\/p>\n<hr \/>\n<ul>\n<li>Mikrofibra na dlani<\/li>\n<li>Mre\u017easta podloga<\/li>\n<li>Zapenjanje z je\u017ekom<\/li>\n<\/ul>\n<hr \/>\n<p>Material:<\/p>\n<ul>\n<li>Zunajnjost: 75% mikrofibra \/ 10% poliester mre\u017east 10% poliester lycra \/ 5% usnje<\/li>\n<li>Notranjost: 100% poliester<\/li>\n<\/ul>\n<hr \/>\n<p>Velikost: od S do 3XL<br \/>\nBarva: Sivo-\u010drne in Fluo-\u010drne<\/p>\n","protected":false},"featured_media":9867,"template":"","meta":[],"product_cat":[38,53],"product_tag":[],"_links":{"self":[{"href":"https:\/\/www.sba.si\/index.php\/wp-json\/wp\/v2\/product\/9860"}],"collection":[{"href":"https:\/\/www.sba.si\/index.php\/wp-json\/wp\/v2\/product"}],"about":[{"href":"https:\/\/www.sba.si\/index.php\/wp-json\/wp\/v2\/types\/product"}],"version-history":[{"count":1,"href":"https:\/\/www.sba.si\/index.php\/wp-json\/wp\/v2\/product\/9860\/revisions"}],"predecessor-version":[{"id":9866,"href":"https:\/\/www.sba.si\/index.php\/wp-json\/wp\/v2\/product\/9860\/revisions\/9866"}],"wp:featuredmedia":[{"embeddable":true,"href":"https:\/\/www.sba.si\/index.php\/wp-json\/wp\/v2\/media\/9867"}],"wp:attachment":[{"href":"https:\/\/www.sba.si\/index.php\/wp-json\/wp\/v2\/media?parent=9860"}],"wp:term":[{"taxonomy":"product_cat","embeddable":true,"href":"https:\/\/www.sba.si\/index.php\/wp-json\/wp\/v2\/product_cat?post=9860"},{"taxonomy":"product_tag","embeddable":true,"href":"https:\/\/www.sba.si\/index.php\/wp-json\/wp\/v2\/product_tag?post=9860"}],"curies":[{"name":"wp","href":"https:\/\/api.w.org\/{rel}","templated":true}]}}